{"id":462,"date":"2025-12-17T17:51:47","date_gmt":"2025-12-17T16:51:47","guid":{"rendered":"https:\/\/foliedera.pl\/?page_id=462"},"modified":"2026-01-08T14:22:05","modified_gmt":"2026-01-08T13:22:05","slug":"kontakt","status":"publish","type":"page","link":"https:\/\/foliedera.pl\/?page_id=462","title":{"rendered":"Kontakt"},"content":{"rendered":"\t\t<div data-elementor-type=\"wp-page\" data-elementor-id=\"462\" class=\"elementor elementor-462\">\n\t\t\t\t<div class=\"elementor-element elementor-element-5ee87d5 e-flex e-con-boxed e-con e-parent\" data-id=\"5ee87d5\" data-element_type=\"container\" data-e-type=\"container\">\n\t\t\t\t\t<div class=\"e-con-inner\">\n\t\t\t\t<div class=\"elementor-element elementor-element-8cace87 elementor-widget elementor-widget-html\" data-id=\"8cace87\" data-element_type=\"widget\" data-e-type=\"widget\" data-widget_type=\"html.default\">\n\t\t\t\t\t<section class=\"der-contact-section\" id=\"kontakt\">\r\n  <style>\r\n    .der-contact-section{\r\n      --blue:#0b5bd3;\r\n      --blue2:#0a3f98;\r\n      --light:#f6f9ff;\r\n      --text:#0b1220;\r\n      --muted:#5b6477;\r\n      --accent:#ffd7b0;\r\n      --accent2:#ffb36b;\r\n      --card:#ffffff;\r\n      --border:rgba(10,63,152,.12);\r\n      --shadow:0 18px 50px rgba(10,63,152,.12);\r\n      font-family: system-ui, -apple-system, Segoe UI, Roboto, Inter, Arial, sans-serif;\r\n      color:var(--text);\r\n      background:\r\n        radial-gradient(900px 420px at 15% 0%, rgba(11,91,211,.14), transparent 60%),\r\n        radial-gradient(800px 420px at 90% 10%, rgba(255,179,107,.18), transparent 55%),\r\n        linear-gradient(180deg, #ffffff 0%, var(--light) 100%);\r\n      border-radius: 22px;\r\n      overflow:hidden;\r\n      border: 1px solid rgba(10,63,152,.08);\r\n    }\r\n    .der-contact-section .wrap{max-width:1180px;margin:0 auto;padding:clamp(22px,3.2vw,44px);}\r\n\r\n    .head{\r\n      background:\r\n        linear-gradient(180deg, rgba(11,91,211,.10), rgba(255,179,107,.10)),\r\n        radial-gradient(700px 240px at 20% 10%, rgba(11,91,211,.16), transparent 60%),\r\n        #fff;\r\n      border:1px solid var(--border);\r\n      border-radius:20px;\r\n      box-shadow:var(--shadow);\r\n      padding:clamp(18px,2.2vw,28px);\r\n    }\r\n    .badge{\r\n      display:inline-flex;gap:10px;align-items:center;\r\n      padding:8px 12px;border-radius:999px;\r\n      background:rgba(11,91,211,.08);\r\n      border:1px solid rgba(11,91,211,.14);\r\n      color:var(--blue2);\r\n      font-weight:900;\r\n      font-size:13px;\r\n      letter-spacing:.2px;\r\n    }\r\n    .badge i{\r\n      width:10px;height:10px;border-radius:50%;\r\n      background:linear-gradient(135deg,var(--blue),var(--accent2));\r\n      display:inline-block;\r\n      box-shadow:0 6px 20px rgba(11,91,211,.25);\r\n    }\r\n    .title{margin:14px 0 10px;font-size:clamp(24px,2.6vw,40px);line-height:1.08;letter-spacing:-.6px;}\r\n    .title span{\r\n      background:linear-gradient(90deg,var(--blue) 0%,var(--blue2) 55%,#1b74ff 100%);\r\n      -webkit-background-clip:text;background-clip:text;color:transparent;\r\n    }\r\n    .sub{margin:0;color:var(--muted);font-size:15.5px;line-height:1.55;max-width:78ch;}\r\n\r\n    .actions{display:flex;gap:10px;flex-wrap:wrap;margin-top:14px;}\r\n    .btn{\r\n      display:inline-flex;align-items:center;justify-content:center;gap:10px;\r\n      padding:11px 14px;border-radius:14px;text-decoration:none;\r\n      font-weight:900;font-size:13.8px;white-space:nowrap;\r\n      border:1px solid rgba(11,91,211,.20);\r\n      transition:transform .16s ease, box-shadow .16s ease, filter .16s ease;\r\n    }\r\n    .btn:hover{transform:translateY(-1px);box-shadow:0 14px 26px rgba(10,63,152,.12);filter:saturate(1.05);}\r\n    .btn.primary{background:linear-gradient(90deg,var(--blue) 0%,var(--blue2) 65%,#1b74ff 100%);color:#fff;}\r\n    .btn.accent{background:linear-gradient(90deg,rgba(255,179,107,.95) 0%, rgba(255,215,176,.95) 100%);color:#1a2a44;border-color:rgba(255,179,107,.55);}\r\n    .btn.ghost{background:rgba(255,255,255,.78);color:var(--blue2);}\r\n    .btn svg{width:18px;height:18px;flex:0 0 18px}\r\n\r\n    .grid{\r\n      display:grid;\r\n      grid-template-columns: .95fr 1.05fr;\r\n      gap: clamp(16px, 2.2vw, 28px);\r\n      margin-top: clamp(14px, 2vw, 20px);\r\n      align-items:start;\r\n    }\r\n    @media (max-width: 980px){ .grid{grid-template-columns:1fr;} }\r\n\r\n    .panel{\r\n      background: rgba(255,255,255,.72);\r\n      border: 1px solid var(--border);\r\n      border-radius: 20px;\r\n      padding: 18px;\r\n      box-shadow: 0 14px 40px rgba(10,63,152,.08);\r\n      backdrop-filter: blur(6px);\r\n    }\r\n    .panel h3{margin:0 0 10px;font-size:16.5px;letter-spacing:-.2px;}\r\n    .panel p{margin:0;color:var(--muted);font-size:13.8px;line-height:1.55;}\r\n\r\n    .rows{display:grid;gap:10px;margin-top:12px;}\r\n    .row{\r\n      display:flex;gap:10px;align-items:flex-start;\r\n      padding:10px 12px;border-radius:14px;\r\n      border: 1px solid rgba(10,63,152,.10);\r\n      background: rgba(255,255,255,.65);\r\n    }\r\n    .row svg{width:18px;height:18px;flex:0 0 18px;color:var(--blue2);margin-top:2px;}\r\n    .row strong{color:var(--text);}\r\n    .row a{color:var(--blue2);text-decoration:none;font-weight:900;}\r\n    .row a:hover{text-decoration:underline;}\r\n\r\n    .mini{\r\n      display:grid;\r\n      grid-template-columns: repeat(2, minmax(0,1fr));\r\n      gap: 12px;\r\n      margin-top: 12px;\r\n    }\r\n    @media (max-width: 560px){ .mini{grid-template-columns:1fr;} }\r\n    .tile{\r\n      background: linear-gradient(180deg, rgba(11,91,211,.05), rgba(255,179,107,.06));\r\n      border: 1px solid rgba(10,63,152,.10);\r\n      border-radius: 18px;\r\n      padding: 14px;\r\n    }\r\n    .tile h4{margin:0 0 4px;font-size:14.4px;}\r\n    .tile p{margin:0;color:var(--muted);font-size:13.3px;line-height:1.45;}\r\n\r\n    .form{\r\n      background:\r\n        radial-gradient(620px 220px at 10% 0%, rgba(11,91,211,.18), transparent 60%),\r\n        radial-gradient(520px 220px at 90% 30%, rgba(255,179,107,.22), transparent 55%),\r\n        linear-gradient(180deg, #fff 0%, rgba(246,249,255,.7) 100%);\r\n      border:1px solid var(--border);\r\n      border-radius:20px;\r\n      padding:18px;\r\n      overflow:hidden;\r\n    }\r\n    .form h3{margin:0 0 6px;font-size:17px;}\r\n    .form p{margin:0 0 12px;color:var(--muted);font-size:13.8px;line-height:1.55;}\r\n\r\n    form.derForm{display:grid;gap:10px;margin:0;}\r\n    .field{display:grid;gap:6px;}\r\n    .field label{font-weight:900;font-size:12.8px;color:var(--blue2);}\r\n    .input, .textarea, .select{\r\n      width:100%;\r\n      border-radius: 14px;\r\n      border: 1px solid rgba(10,63,152,.14);\r\n      background: rgba(255,255,255,.78);\r\n      padding: 12px 12px;\r\n      font-size: 14px;\r\n      outline: none;\r\n      transition: box-shadow .16s ease, border-color .16s ease;\r\n    }\r\n    .textarea{min-height:120px;resize:vertical;}\r\n    .input:focus, .textarea:focus, .select:focus{\r\n      border-color: rgba(11,91,211,.35);\r\n      box-shadow: 0 0 0 4px rgba(11,91,211,.10);\r\n    }\r\n    .two{display:grid;grid-template-columns: repeat(2, minmax(0,1fr));gap:10px;}\r\n    @media (max-width: 560px){ .two{grid-template-columns:1fr;} }\r\n\r\n    .consent{\r\n      display:flex;gap:10px;align-items:flex-start;\r\n      font-size: 12.8px;\r\n      color: var(--muted);\r\n      line-height: 1.35;\r\n      margin-top: 4px;\r\n    }\r\n    .consent input{margin-top:3px;}\r\n    .note{font-size:12.6px;color:var(--muted);margin-top:8px;}\r\n    .map{\r\n      margin-top: 12px;\r\n      border-radius: 18px;\r\n      overflow:hidden;\r\n      border: 1px solid rgba(10,63,152,.12);\r\n      background:#fff;\r\n    }\r\n    .map iframe{width:100%;height:320px;border:0;display:block;}\r\n  <\/style>\r\n\r\n  <div class=\"wrap\">\r\n    <!-- HEADER -->\r\n    <div class=\"head\">\r\n      <div class=\"badge\"><i><\/i> Kontakt \u2022 Szybka odpowied\u017a<\/div>\r\n      <h2 class=\"title\">Skontaktuj si\u0119 z <span>DER-PLAST<\/span><\/h2>\r\n      <p class=\"sub\">\r\n        Zadzwo\u0144 lub napisz \u2014 odpowiemy na zapytanie i przygotujemy ofert\u0119 dopasowan\u0105 do Twoich potrzeb.\r\n        Obs\u0142ugujemy zam\u00f3wienia B2B oraz klient\u00f3w indywidualnych.\r\n      <\/p>\r\n\r\n      <div class=\"actions\">\r\n        <a class=\"btn accent\" href=\"tel:+48509600720\">\r\n          <svg viewBox=\"0 0 24 24\" fill=\"none\" aria-hidden=\"true\">\r\n            <path d=\"M7.2 4.9c.7-.7 1.9-.6 2.5.2l1.7 2.3c.5.7.4 1.6-.2 2.2l-1 1c-.3.3-.4.7-.3 1.1.6 1.7 2 3.6 3.7 5.3 1.7 1.7 3.6 3.1 5.3 3.7.4.1.8 0 1.1-.3l1-1c.6-.6 1.5-.7 2.2-.2l2.3 1.7c.8.6.9 1.8.2 2.5l-1 1c-1 1-2.5 1.4-3.9 1-3.1-.9-6.4-3.2-9.4-6.2S5 11.1 4.1 8c-.4-1.4 0-2.9 1-3.9l1-1Z\" stroke=\"currentColor\" stroke-width=\"1.8\" stroke-linejoin=\"round\"\/>\r\n          <\/svg>\r\n          Zadzwo\u0144: 509 600 720\r\n        <\/a>\r\n\r\n        <a class=\"btn primary\" href=\"mailto:biuro@foliedera.pl\">\r\n          <svg viewBox=\"0 0 24 24\" fill=\"none\" aria-hidden=\"true\">\r\n            <path d=\"M4.5 7.5A3 3 0 0 1 7.5 4.5h9A3 3 0 0 1 19.5 7.5v9a3 3 0 0 1-3 3h-9a3 3 0 0 1-3-3v-9Z\" stroke=\"currentColor\" stroke-width=\"1.8\"\/>\r\n            <path d=\"M6.8 8.2 12 12l5.2-3.8\" stroke=\"currentColor\" stroke-width=\"1.8\" stroke-linecap=\"round\" stroke-linejoin=\"round\"\/>\r\n          <\/svg>\r\n          biuro@foliedera.pl\r\n        <\/a>\r\n\r\n        <a class=\"btn ghost\" href=\"#formularz-der\">\r\n          <svg viewBox=\"0 0 24 24\" fill=\"none\" aria-hidden=\"true\">\r\n            <path d=\"M5 6.5A3.5 3.5 0 0 1 8.5 3h7A3.5 3.5 0 0 1 19 6.5v5A3.5 3.5 0 0 1 15.5 15H10l-3.8 3.2c-.6.5-1.2.1-1.2-.6V15A3.5 3.5 0 0 1 5 11.5v-5Z\" stroke=\"currentColor\" stroke-width=\"1.8\" stroke-linejoin=\"round\"\/>\r\n            <path d=\"M8 7.5h8M8 10.5h6\" stroke=\"currentColor\" stroke-width=\"1.8\" stroke-linecap=\"round\"\/>\r\n          <\/svg>\r\n          Napisz przez formularz\r\n        <\/a>\r\n      <\/div>\r\n    <\/div>\r\n\r\n    <div class=\"grid\">\r\n      <!-- LEFT: DETAILS -->\r\n      <div class=\"panel\">\r\n        <h3>Dane kontaktowe<\/h3>\r\n        <p>Preferujesz telefon czy e-mail? Wybierz najszybsz\u0105 opcj\u0119.<\/p>\r\n\r\n        <div class=\"rows\">\r\n          <div class=\"row\">\r\n            <svg viewBox=\"0 0 24 24\" fill=\"none\" aria-hidden=\"true\">\r\n              <path d=\"M12 22s7-5.2 7-12a7 7 0 1 0-14 0c0 6.8 7 12 7 12Z\" stroke=\"currentColor\" stroke-width=\"1.8\" stroke-linejoin=\"round\"\/>\r\n              <path d=\"M12 12.2a2.2 2.2 0 1 0 0-4.4 2.2 2.2 0 0 0 0 4.4Z\" stroke=\"currentColor\" stroke-width=\"1.8\"\/>\r\n            <\/svg>\r\n            <div>\r\n              <strong>Adres<\/strong><br>\r\n              DER-PLAST Bart\u0142omiej Dera<br>\r\n              Brzezie k\/Sulechowa, ul. Walentego Wa\u0144kowicza 40<br>\r\n              66-100 Sulech\u00f3w\r\n            <\/div>\r\n          <\/div>\r\n\r\n          <div class=\"row\">\r\n            <svg viewBox=\"0 0 24 24\" fill=\"none\" aria-hidden=\"true\">\r\n              <path d=\"M7.2 4.9c.7-.7 1.9-.6 2.5.2l1.7 2.3c.5.7.4 1.6-.2 2.2l-1 1c-.3.3-.4.7-.3 1.1.6 1.7 2 3.6 3.7 5.3 1.7 1.7 3.6 3.1 5.3 3.7.4.1.8 0 1.1-.3l1-1c.6-.6 1.5-.7 2.2-.2l2.3 1.7c.8.6.9 1.8.2 2.5l-1 1c-1 1-2.5 1.4-3.9 1-3.1-.9-6.4-3.2-9.4-6.2S5 11.1 4.1 8c-.4-1.4 0-2.9 1-3.9l1-1Z\" stroke=\"currentColor\" stroke-width=\"1.8\" stroke-linejoin=\"round\"\/>\r\n            <\/svg>\r\n            <div>\r\n              <strong>Telefon<\/strong><br>\r\n              <a href=\"tel:+48509600720\">509 600 720<\/a>\r\n            <\/div>\r\n          <\/div>\r\n\r\n          <div class=\"row\">\r\n            <svg viewBox=\"0 0 24 24\" fill=\"none\" aria-hidden=\"true\">\r\n              <path d=\"M4.5 7.5A3 3 0 0 1 7.5 4.5h9A3 3 0 0 1 19.5 7.5v9a3 3 0 0 1-3 3h-9a3 3 0 0 1-3-3v-9Z\" stroke=\"currentColor\" stroke-width=\"1.8\"\/>\r\n              <path d=\"M6.8 8.2 12 12l5.2-3.8\" stroke=\"currentColor\" stroke-width=\"1.8\" stroke-linecap=\"round\" stroke-linejoin=\"round\"\/>\r\n            <\/svg>\r\n            <div>\r\n              <strong>E-mail<\/strong><br>\r\n              <a href=\"mailto:biuro@foliedera.pl\">biuro@foliedera.pl<\/a>\r\n            <\/div>\r\n          <\/div>\r\n        <\/div>\r\n\r\n        <div class=\"mini\">\r\n          <div class=\"tile\">\r\n            <h4>Obs\u0142uga B2B<\/h4>\r\n            <p>Przygotujemy parametry pod produkcj\u0119 i sta\u0142\u0105 wsp\u00f3\u0142prac\u0119.<\/p>\r\n          <\/div>\r\n          <div class=\"tile\">\r\n            <h4>Szybka wycena<\/h4>\r\n            <p>Podaj rozmiar, grubo\u015b\u0107, rodzaj folii i ilo\u015b\u0107 \u2014 wr\u00f3cimy z ofert\u0105.<\/p>\r\n          <\/div>\r\n        <\/div>\r\n\r\n        <div class=\"map\">\r\n          <!-- Podmie\u0144 src na sw\u00f3j link do mapy Google (embed). Ten jest przyk\u0142adowy (Sulech\u00f3w). -->\r\n          <iframe\r\n            loading=\"lazy\"\r\n            referrerpolicy=\"no-referrer-when-downgrade\"\r\n            src=\"https:\/\/www.google.com\/maps?q=Sulech%C3%B3w%20ul.%20Walentego%20Wa%C5%84kowicza%2040&output=embed\">\r\n          <\/iframe>\r\n        <\/div>\r\n      <\/div>\r\n\r\n      <!-- RIGHT: FORM -->\r\n      <div class=\"form\" id=\"formularz-der\">\r\n        <h3>Formularz kontaktowy<\/h3>\r\n        <p>Napisz, czego potrzebujesz. Mo\u017cesz doda\u0107 szczeg\u00f3\u0142y techniczne \u2014 u\u0142atwi to wycen\u0119.<\/p>\r\n\r\n        <!--\r\n          Je\u015bli u\u017cywasz wtyczki (polecane):\r\n          - Elementor Form \/ Contact Form 7 \/ WPForms\r\n          Wklej tutaj shortcode i USU\u0143 poni\u017cszy <form>.\r\n          Przyk\u0142ad CF7: [contact-form-7 id=\"123\" title=\"Kontakt\"]\r\n        -->\r\n\r\n        <form class=\"derForm\" method=\"post\" action=\"#\">\r\n          <div class=\"two\">\r\n            <div class=\"field\">\r\n              <label>Imi\u0119 i nazwisko \/ Firma<\/label>\r\n              <input class=\"input\" type=\"text\" name=\"name\" placeholder=\"Np. Jan Kowalski \/ ABC Sp. z o.o.\" required>\r\n            <\/div>\r\n            <div class=\"field\">\r\n              <label>E-mail<\/label>\r\n              <input class=\"input\" type=\"email\" name=\"email\" placeholder=\"np. kontakt@firma.pl\" required>\r\n            <\/div>\r\n          <\/div>\r\n\r\n          <div class=\"two\">\r\n            <div class=\"field\">\r\n              <label>Telefon (opcjonalnie)<\/label>\r\n              <input class=\"input\" type=\"tel\" name=\"phone\" placeholder=\"np. 509 600 720\">\r\n            <\/div>\r\n            <div class=\"field\">\r\n              <label>Temat<\/label>\r\n              <select class=\"select\" name=\"topic\">\r\n                <option>Wycena \/ oferta<\/option>\r\n                <option>Nadruki na folii\/workach<\/option>\r\n                <option>Wsp\u00f3\u0142praca B2B<\/option>\r\n                <option>Inne<\/option>\r\n              <\/select>\r\n            <\/div>\r\n          <\/div>\r\n\r\n          <div class=\"field\">\r\n            <label>Wiadomo\u015b\u0107<\/label>\r\n            <textarea class=\"textarea\" name=\"message\" placeholder=\"Np. rodzaj: LDPE\/HDPE, grubo\u015b\u0107, szeroko\u015b\u0107, kolor, ilo\u015b\u0107, nadruk...\" required><\/textarea>\r\n          <\/div>\r\n\r\n          <div class=\"consent\">\r\n            <input type=\"checkbox\" required>\r\n            <div>\r\n              Wyra\u017cam zgod\u0119 na kontakt w sprawie zapytania. (Mo\u017cesz podlinkowa\u0107 polityk\u0119 prywatno\u015bci w stopce.)\r\n            <\/div>\r\n          <\/div>\r\n\r\n          <div class=\"actions\" style=\"margin-top:10px;\">\r\n            <button class=\"btn primary\" type=\"submit\" style=\"cursor:pointer;\">\r\n              <svg viewBox=\"0 0 24 24\" fill=\"none\" aria-hidden=\"true\">\r\n                <path d=\"M4 12l16-8-6 16-2.3-6.1L4 12Z\" stroke=\"currentColor\" stroke-width=\"1.8\" stroke-linejoin=\"round\"\/>\r\n                <path d=\"M20 4 11.7 13.9\" stroke=\"currentColor\" stroke-width=\"1.8\" stroke-linecap=\"round\"\/>\r\n              <\/svg>\r\n              Wy\u015blij wiadomo\u015b\u0107\r\n            <\/button>\r\n            <a class=\"btn ghost\" href=\"mailto:biuro@foliedera.pl\">\r\n              <svg viewBox=\"0 0 24 24\" fill=\"none\" aria-hidden=\"true\">\r\n                <path d=\"M4.5 7.5A3 3 0 0 1 7.5 4.5h9A3 3 0 0 1 19.5 7.5v9a3 3 0 0 1-3 3h-9a3 3 0 0 1-3-3v-9Z\" stroke=\"currentColor\" stroke-width=\"1.8\"\/>\r\n                <path d=\"M6.8 8.2 12 12l5.2-3.8\" stroke=\"currentColor\" stroke-width=\"1.8\" stroke-linecap=\"round\" stroke-linejoin=\"round\"\/>\r\n              <\/svg>\r\n              Wolisz e-mail?\r\n            <\/a>\r\n          <\/div>\r\n\r\n          <div class=\"note\">\r\n            \r\n          <\/div>\r\n        <\/form>\r\n      <\/div>\r\n    <\/div>\r\n  <\/div>\r\n<\/section>\r\n\t\t\t\t<\/div>\n\t\t\t\t\t<\/div>\n\t\t\t\t<\/div>\n\t\t\t\t<\/div>\n\t\t","protected":false},"excerpt":{"rendered":"<p>Kontakt \u2022 Szybka odpowied\u017a Skontaktuj si\u0119 z DER-PLAST Zadzwo\u0144 lub napisz \u2014 odpowiemy na zapytanie i przygotujemy ofert\u0119 dopasowan\u0105 do [&hellip;]<\/p>\n","protected":false},"author":1,"featured_media":0,"parent":0,"menu_order":0,"comment_status":"closed","ping_status":"closed","template":"elementor_header_footer","meta":{"site-sidebar-layout":"no-sidebar","site-content-layout":"","ast-site-content-layout":"full-width-container","site-content-style":"default","site-sidebar-style":"default","ast-global-header-display":"","ast-banner-title-visibility":"","ast-main-header-display":"","ast-hfb-above-header-display":"","ast-hfb-below-header-display":"","ast-hfb-mobile-header-display":"","site-post-title":"","ast-breadcrumbs-content":"","ast-featured-img":"disabled","footer-sml-layout":"","ast-disable-related-posts":"","theme-transparent-header-meta":"","adv-header-id-meta":"","stick-header-meta":"","header-above-stick-meta":"","header-main-stick-meta":"","header-below-stick-meta":"","astra-migrate-meta-layouts":"default","ast-page-background-enabled":"default","ast-page-background-meta":{"desktop":{"background-color":"var(--ast-global-color-5)","background-image":"","background-repeat":"repeat","background-position":"center center","background-size":"auto","background-attachment":"scroll","background-type":"","background-media":"","overlay-type":"","overlay-color":"","overlay-opacity":"","overlay-gradient":""},"tablet":{"background-color":"","background-image":"","background-repeat":"repeat","background-position":"center center","background-size":"auto","background-attachment":"scroll","background-type":"","background-media":"","overlay-type":"","overlay-color":"","overlay-opacity":"","overlay-gradient":""},"mobile":{"background-color":"","background-image":"","background-repeat":"repeat","background-position":"center center","background-size":"auto","background-attachment":"scroll","background-type":"","background-media":"","overlay-type":"","overlay-color":"","overlay-opacity":"","overlay-gradient":""}},"ast-content-background-meta":{"desktop":{"background-color":"var(--ast-global-color-4)","background-image":"","background-repeat":"repeat","background-position":"center center","background-size":"auto","background-attachment":"scroll","background-type":"","background-media":"","overlay-type":"","overlay-color":"","overlay-opacity":"","overlay-gradient":""},"tablet":{"background-color":"var(--ast-global-color-4)","background-image":"","background-repeat":"repeat","background-position":"center center","background-size":"auto","background-attachment":"scroll","background-type":"","background-media":"","overlay-type":"","overlay-color":"","overlay-opacity":"","overlay-gradient":""},"mobile":{"background-color":"var(--ast-global-color-4)","background-image":"","background-repeat":"repeat","background-position":"center center","background-size":"auto","background-attachment":"scroll","background-type":"","background-media":"","overlay-type":"","overlay-color":"","overlay-opacity":"","overlay-gradient":""}},"footnotes":""},"class_list":["post-462","page","type-page","status-publish","hentry"],"_links":{"self":[{"href":"https:\/\/foliedera.pl\/index.php?rest_route=\/wp\/v2\/pages\/462","targetHints":{"allow":["GET"]}}],"collection":[{"href":"https:\/\/foliedera.pl\/index.php?rest_route=\/wp\/v2\/pages"}],"about":[{"href":"https:\/\/foliedera.pl\/index.php?rest_route=\/wp\/v2\/types\/page"}],"author":[{"embeddable":true,"href":"https:\/\/foliedera.pl\/index.php?rest_route=\/wp\/v2\/users\/1"}],"replies":[{"embeddable":true,"href":"https:\/\/foliedera.pl\/index.php?rest_route=%2Fwp%2Fv2%2Fcomments&post=462"}],"version-history":[{"count":7,"href":"https:\/\/foliedera.pl\/index.php?rest_route=\/wp\/v2\/pages\/462\/revisions"}],"predecessor-version":[{"id":525,"href":"https:\/\/foliedera.pl\/index.php?rest_route=\/wp\/v2\/pages\/462\/revisions\/525"}],"wp:attachment":[{"href":"https:\/\/foliedera.pl\/index.php?rest_route=%2Fwp%2Fv2%2Fmedia&parent=462"}],"curies":[{"name":"wp","href":"https:\/\/api.w.org\/{rel}","templated":true}]}}